{"id":2,"date":"2016-10-02T15:52:22","date_gmt":"2016-10-02T15:52:22","guid":{"rendered":"http:\/\/s648918074.mialojamiento.es\/?page_id=2"},"modified":"2020-11-19T12:29:16","modified_gmt":"2020-11-19T12:29:16","slug":"sobre-silvia-sumell","status":"publish","type":"page","link":"https:\/\/silviasumell.com\/es\/sobre-silvia-sumell","title":{"rendered":"Sobre mi&#8230;"},"content":{"rendered":"<p><img loading=\"lazy\" class=\"alignnone size-medium wp-image-356\" src=\"http:\/\/www.silviasumell.com\/wp-content\/uploads\/2016\/10\/Foto-Silvia-300x291.jpg\" alt=\"\" width=\"300\" height=\"291\" srcset=\"https:\/\/www.silviasumell.com\/wp-content\/uploads\/2016\/10\/Foto-Silvia-300x291.jpg 300w, https:\/\/www.silviasumell.com\/wp-content\/uploads\/2016\/10\/Foto-Silvia-768x744.jpg 768w, https:\/\/www.silviasumell.com\/wp-content\/uploads\/2016\/10\/Foto-Silvia-1024x992.jpg 1024w, https:\/\/www.silviasumell.com\/wp-content\/uploads\/2016\/10\/Foto-Silvia.jpg 1239w\" sizes=\"(max-width: 300px) 100vw, 300px\" \/><\/p>\n<p>Nacida en Palam\u00f3s (Girona) en 1976 soy licenciada en Psicolog\u00eda por la Universidad Aut\u00f3noma de Barcelona (UAB) en 1999 con el Itinerario de Psicolog\u00eda Cl\u00ednica. Actualmente dispongo de la acreditaci\u00f3n espec\u00edfica como Psic\u00f3logo General Sanitario por el Colegio Oficial de Psic\u00f3logos de Catalu\u00f1a (COPC). Miembro de la Sociedad Catalana de Investigaci\u00f3n y Terapia del Comportamiento (SCRITC <a href=\"http:\/\/www.scritc.org\/\" target=\"_blank\" rel=\"noopener noreferrer\">www.scritc.org<\/a>) desde 2008.<\/p>\n<p>Una vez finalizados mis estudios, trabaj\u00e9 durante unos a\u00f1os como profesora asociada en la Licenciatura de Psicolog\u00eda y en la Diplomatura de Logopedia de la UAB dentro del Departamento de Psicolog\u00eda de la Salud y Social (\u00c1rea de conocimiento de Personalidad, Evaluaci\u00f3n y Tratamiento psicol\u00f3gico) impartiendo clases en las asignaturas de Introducci\u00f3n a la Psicopatolog\u00eda del Ni\u00f1o y del Adulto, Evaluaci\u00f3n Psicol\u00f3gica y Trastornos Secundarios del Habla y del Lenguaje. Seguidamente decid\u00ed continuar con mi formaci\u00f3n y mientras trabajaba en el \u00e1mbito p\u00fablico de la Salud Mental realic\u00e9 el M\u00e1ster en Psicopatolog\u00eda Cl\u00ednica del Adulto en la UAB el 2001-03 con calificaci\u00f3n de sobresaliente y premio al mejor trabajo de investigaci\u00f3n sobre el tratamiento grupal en el Trastorno Obsesivo Compulsivo. Durante esta \u00e9poca pude coger experiencia en el funcionamiento de muchos de los servicios de la red p\u00fablica (CSMA, centro de d\u00eda y unidades hospitalizaci\u00f3n de pacientes agudos). Poco a poco pero mi camino fue hacia el \u00e1mbito privado, primero especializ\u00e1ndome en trastornos de ansiedad y estr\u00e9s junto a supervisores de importante calificaci\u00f3n y experiencia y posteriormente hacia el \u00e1mbito infantil y de la neuropsicolog\u00eda. El 2010-11 realizo el Postgrado en Neuropsicolog\u00eda Cl\u00ednica del Adulto e Infantil en el Instituto Superior de Estudios Psicol\u00f3gicos de Barcelona (ISEP) con Diploma de honor en especialidad de neuropsicolog\u00eda por m\u00e9ritos concretos en los estudios.<\/p>\n<p>Dispongo pues de una amplia formaci\u00f3n y experiencia en psicolog\u00eda cl\u00ednica, sobre todo en la Terapia Cognitivo Conductual basada en la evidencia. Mi ejercicio profesional, desde hace tiempo se ha desarrollado desde el \u00e1mbito privado y son estos 15 a\u00f1os de experiencia los que me han permitido desarrollarme tanto en el \u00e1mbito de adultos, infanto-juvenil y tercera edad.<\/p>\n<p>Desde siempre he ido colaborando en la redacci\u00f3n de diferentes art\u00edculos de salud en suplementos, revistas digitales y prensa (<span style=\"color: #0000ff;\"><a style=\"color: #0000ff;\" href=\"http:\/\/www.lavanguardia.com\/vida\/20110810\/54198327661\/la-crisis-en-espana-retrasa-los-planes-de-regresar-de-los-extranjeros.html\" target=\"_blank\" rel=\"noopener noreferrer\">La Vangu\u00e0rdia<\/a><\/span>). He sido tutora de alumnos universitarios en pr\u00e1cticas de la UAB. He colaborado tambi\u00e9n de forma directa e indirecta en diferentes mutuas laborales, realizando tratamientos psicol\u00f3gicos, evaluaciones neuropsicol\u00f3gicas as\u00ed como informes psicol\u00f3gicos de capacitaci\u00f3n laboral para ICAM (Instituto Catal\u00e1n de Evaluaciones M\u00e9dicas).<\/p>\n<p style=\"text-align: justify;\">Actualmente me pod\u00e9is encontrar <strong><em><span style=\"color: #999999;\">presencialmente <\/span><\/em><\/strong>y desde el 2010 desarrollando mi actividad cl\u00ednica en el Institut Neurologic de la Memoria (INM), junto con el neur\u00f3logo <strong><span style=\"color: #999999;\">Dr. Dom\u00e8nec Gil Saladi\u00e9<\/span><\/strong>, desde donde espero poder ayudaros y <span style=\"color: #999999;\"><strong><em>virtualmente\u00a0<\/em><\/strong><\/span>en la Universidad Oberta de Catalu\u00f1a (UOC) donde desde el 2008 colaboro como tutora y profesora colaboradora tanto en asignaturas del Grado de Psicolog\u00eda como en el M\u00e1ster univesrsitario de psicolog\u00eda infantil y juvenil (MUPIJ).<\/p>\n<p>Visita mi <a href=\"https:\/\/es.linkedin.com\/in\/silvia-sumell-canalda-0ba2b895\"><strong>perfil a Linkedln\u00a0<\/strong><\/a><\/p>\n<p style=\"text-align: justify;\"><img loading=\"lazy\" class=\"wp-image-101 alignnone\" src=\"http:\/\/s648918074.mialojamiento.es\/wp-content\/uploads\/2016\/10\/logo-COPC-300x154.png\" alt=\"logo-copc\" width=\"119\" height=\"61\" srcset=\"https:\/\/www.silviasumell.com\/wp-content\/uploads\/2016\/10\/logo-COPC-300x154.png 300w, https:\/\/www.silviasumell.com\/wp-content\/uploads\/2016\/10\/logo-COPC.png 313w\" sizes=\"(max-width: 119px) 100vw, 119px\" \/><img loading=\"lazy\" class=\"alignnone wp-image-142 \" src=\"http:\/\/s648918074.mialojamiento.es\/wp-content\/uploads\/2016\/10\/logo_scritc-1.png\" width=\"218\" height=\"56\" \/><img loading=\"lazy\" class=\"alignnone wp-image-104\" src=\"http:\/\/s648918074.mialojamiento.es\/wp-content\/uploads\/2016\/10\/logo_INM-300x86.png\" alt=\"logo_inm\" width=\"117\" height=\"34\" srcset=\"https:\/\/www.silviasumell.com\/wp-content\/uploads\/2016\/10\/logo_INM-300x86.png 300w, https:\/\/www.silviasumell.com\/wp-content\/uploads\/2016\/10\/logo_INM.png 311w\" sizes=\"(max-width: 117px) 100vw, 117px\" \/><img loading=\"lazy\" class=\"alignnone wp-image-147 \" src=\"http:\/\/s648918074.mialojamiento.es\/wp-content\/uploads\/2016\/10\/marca_UOC_blau_paper-3-300x186.jpg\" width=\"63\" height=\"39\" \/><img loading=\"lazy\" class=\"alignnone wp-image-111 \" src=\"http:\/\/s648918074.mialojamiento.es\/wp-content\/uploads\/2016\/10\/logo_UAB-e1478438615106-300x136.png\" width=\"110\" height=\"50\" srcset=\"https:\/\/www.silviasumell.com\/wp-content\/uploads\/2016\/10\/logo_UAB-e1478438615106-300x136.png 300w, https:\/\/www.silviasumell.com\/wp-content\/uploads\/2016\/10\/logo_UAB-e1478438615106-768x348.png 768w, https:\/\/www.silviasumell.com\/wp-content\/uploads\/2016\/10\/logo_UAB-e1478438615106.png 831w\" sizes=\"(max-width: 110px) 100vw, 110px\" \/><\/p>\n<p><\/p>","protected":false},"excerpt":{"rendered":"<p>Nacida en Palam\u00f3s (Girona) en 1976 soy licenciada en Psicolog\u00eda por la Universidad Aut\u00f3noma de Barcelona (UAB) en 1999 con el Itinerario de Psicolog\u00eda Cl\u00ednica. Actualmente dispongo de la acreditaci\u00f3n espec\u00edfica como Psic\u00f3logo General Sanitario por el Colegio Oficial de Psic\u00f3logos de Catalu\u00f1a (COPC). Miembro de la Sociedad Catalana de Investigaci\u00f3n y Terapia del Comportamiento [&hellip;]<\/p>\n","protected":false},"author":1,"featured_media":0,"parent":0,"menu_order":0,"comment_status":"closed","ping_status":"closed","template":"","meta":[],"_links":{"self":[{"href":"https:\/\/silviasumell.com\/es\/wp-json\/wp\/v2\/pages\/2"}],"collection":[{"href":"https:\/\/silviasumell.com\/es\/wp-json\/wp\/v2\/pages"}],"about":[{"href":"https:\/\/silviasumell.com\/es\/wp-json\/wp\/v2\/types\/page"}],"author":[{"embeddable":true,"href":"https:\/\/silviasumell.com\/es\/wp-json\/wp\/v2\/users\/1"}],"replies":[{"embeddable":true,"href":"https:\/\/silviasumell.com\/es\/wp-json\/wp\/v2\/comments?post=2"}],"version-history":[{"count":36,"href":"https:\/\/silviasumell.com\/es\/wp-json\/wp\/v2\/pages\/2\/revisions"}],"predecessor-version":[{"id":405,"href":"https:\/\/silviasumell.com\/es\/wp-json\/wp\/v2\/pages\/2\/revisions\/405"}],"wp:attachment":[{"href":"https:\/\/silviasumell.com\/es\/wp-json\/wp\/v2\/media?parent=2"}],"curies":[{"name":"wp","href":"https:\/\/api.w.org\/{rel}","templated":true}]}}