{"id":298,"date":"2020-09-04T16:27:43","date_gmt":"2020-09-04T16:27:43","guid":{"rendered":"http:\/\/www.silviasumell.com\/?page_id=298"},"modified":"2020-09-08T09:36:51","modified_gmt":"2020-09-08T09:36:51","slug":"psicoterapia-online","status":"publish","type":"page","link":"https:\/\/silviasumell.com\/es\/psicoterapia-online","title":{"rendered":"Psicoterapia online"},"content":{"rendered":"<p>Desde hace tiempo ya pod\u00e9is realizar conmigo la psicoterapia de forma virtual. Sabemos que a veces los horarios de trabajo son complejos y puede resultar dif\u00edcil desplazarse hasta el despacho; otras veces os encontr\u00e1is estudiando o trabajando fuera del pa\u00eds o bien est\u00e1is de vacaciones y necesit\u00e1is hacer alguna consulta de forma puntual. Las razones pueden ser varias, pero creo que es muy importante que seamos capaces de adaptarnos a cada una de las situaciones y necesidades personales.<\/p>\n<p>Ciertamente durante el 2020 y debido a la crisis provocada por la Covid-19, la gran mayor\u00eda de personas han deseado y\/o necesitado seguir cuidando de su salud mental y, por tanto, la psicoterapia <em>on line<\/em>, ha sido una modalidad que desde la distancia ha sido \u00fatil y ha resultado igualmente de eficaz.<\/p>\n<p>Si ten\u00e9is dudas o necesit\u00e1is\u00a0alguna aclaraci\u00f3n sobre esta modalidad, no dud\u00e9is en contactar conmigo.<\/p>","protected":false},"excerpt":{"rendered":"<p>Desde hace tiempo ya pod\u00e9is realizar conmigo la psicoterapia de forma virtual. Sabemos que a veces los horarios de trabajo son complejos y puede resultar dif\u00edcil desplazarse hasta el despacho; otras veces os encontr\u00e1is estudiando o trabajando fuera del pa\u00eds o bien est\u00e1is de vacaciones y necesit\u00e1is hacer alguna consulta de forma puntual. Las razones [&hellip;]<\/p>\n","protected":false},"author":1,"featured_media":0,"parent":0,"menu_order":0,"comment_status":"closed","ping_status":"closed","template":"","meta":[],"_links":{"self":[{"href":"https:\/\/silviasumell.com\/es\/wp-json\/wp\/v2\/pages\/298"}],"collection":[{"href":"https:\/\/silviasumell.com\/es\/wp-json\/wp\/v2\/pages"}],"about":[{"href":"https:\/\/silviasumell.com\/es\/wp-json\/wp\/v2\/types\/page"}],"author":[{"embeddable":true,"href":"https:\/\/silviasumell.com\/es\/wp-json\/wp\/v2\/users\/1"}],"replies":[{"embeddable":true,"href":"https:\/\/silviasumell.com\/es\/wp-json\/wp\/v2\/comments?post=298"}],"version-history":[{"count":4,"href":"https:\/\/silviasumell.com\/es\/wp-json\/wp\/v2\/pages\/298\/revisions"}],"predecessor-version":[{"id":310,"href":"https:\/\/silviasumell.com\/es\/wp-json\/wp\/v2\/pages\/298\/revisions\/310"}],"wp:attachment":[{"href":"https:\/\/silviasumell.com\/es\/wp-json\/wp\/v2\/media?parent=298"}],"curies":[{"name":"wp","href":"https:\/\/api.w.org\/{rel}","templated":true}]}}