{"id":45,"date":"2016-10-05T16:36:32","date_gmt":"2016-10-05T16:36:32","guid":{"rendered":"http:\/\/s648918074.mialojamiento.es\/?page_id=45"},"modified":"2020-09-18T11:35:52","modified_gmt":"2020-09-18T11:35:52","slug":"adults","status":"publish","type":"page","link":"https:\/\/silviasumell.com\/es\/adults","title":{"rendered":"Adultos y j\u00f3venes"},"content":{"rendered":"<p><img loading=\"lazy\" class=\"aligncenter wp-image-163 size-full\" title=\"Psicologa Silvia Sumell\" src=\"http:\/\/www.silviasumell.com\/wp-content\/uploads\/2016\/10\/Psicologa-Silvia-Sumell-1.jpg\" alt=\"Psicologa Silvia Sumell www.silviasumell.com\" width=\"513\" height=\"234\" srcset=\"https:\/\/www.silviasumell.com\/wp-content\/uploads\/2016\/10\/Psicologa-Silvia-Sumell-1.jpg 513w, https:\/\/www.silviasumell.com\/wp-content\/uploads\/2016\/10\/Psicologa-Silvia-Sumell-1-300x137.jpg 300w\" sizes=\"(max-width: 513px) 100vw, 513px\" \/><\/p>\n<h2><strong>Evaluaci\u00f3n, diagn\u00f3stico y tratamiento en:<\/strong><\/h2>\n<ul>\n<li style=\"list-style-type: none;\">\n<ul>\n<li>Ansiedad, estr\u00e9s&#8230;<\/li>\n<li>Depresi\u00f3n, tristeza&#8230;<\/li>\n<li>Agorafobia y ataques de p\u00e1nico<\/li>\n<li>Trastorno obsesivo-compulsivo (TOC)<\/li>\n<li>Ansiedad o fobia social<\/li>\n<li>Ansiedad por la salud o hipocondr\u00eda<\/li>\n<li>Fobias<\/li>\n<li>Trastorno de estr\u00e9s postraum\u00e1tico (TEPT)<\/li>\n<li>Trastorno de Ansiedad Generalizada (TAG)<\/li>\n<li>Trastorno d\u00e9ficit de atenci\u00f3n con \/ sin hiperactividad (TDAH)<\/li>\n<li>Procesos de duelo, p\u00e9rdidas&#8230;<\/li>\n<li>Baja autoestima, inseguridad&#8230;<\/li>\n<li>Problemas en Habilidades Sociales (HHSS), dificultades para decir que no&#8230;<\/li>\n<li>Problemas de pareja, conflictos con las relaciones con los dem\u00e1s&#8230;<\/li>\n<li>Problemas de car\u00e1cter o personalidad<\/li>\n<\/ul>\n<\/li>\n<\/ul>\n<h2><strong>Terapia de exposici\u00f3n:<\/strong><\/h2>\n<p>Desde 2007 colaboro con diferentes psic\u00f3logos realizando terapia de exposici\u00f3n in vivo con personas que sufren diferentes trastornos de ansiedad, sobre todo en <strong><span style=\"color: #999999;\">Trastorno de P\u00e1nico con Agorafobia, Trastorno obsesivo compulsivo (TOC) y Trastorno de estr\u00e9s postraum\u00e1tico (TEPT).<\/span> <\/strong>Es un tipo de tratamiento cognitivo conductual (TCC) con sesiones m\u00e1s largas, entre 90 min o 2 horas y se denominan in vivo para que se desarrollan en el propio entorno del paciente (ej: calle, casa, medios de transporte, etc ). Tienen como objetivo actuar espec\u00edficamente sobre todas aquellas conductas que la persona evita llevar a cabo por miedo (por ej. ir en metro, conducir solo, tocar ciertas cosas por miedo a contaminarse, etc&#8230;) y que intenta compensar con de otros comportamientos (ej.: ir siempre acompa\u00f1ado a los sitios, lavados de manos excesivos, comprobaciones reiteradas, etc.). Todo ello puede provocar un gran malestar hasta generar muchas veces graves limitaciones laborales y\/o sociales, as\u00ed como un bajo estado an\u00edmico.<\/p>\n<p style=\"text-align: justify;\">\n<p><\/p>","protected":false},"excerpt":{"rendered":"<p>Evaluaci\u00f3n, diagn\u00f3stico y tratamiento en: Ansiedad, estr\u00e9s&#8230; Depresi\u00f3n, tristeza&#8230; Agorafobia y ataques de p\u00e1nico Trastorno obsesivo-compulsivo (TOC) Ansiedad o fobia social Ansiedad por la salud o hipocondr\u00eda Fobias Trastorno de estr\u00e9s postraum\u00e1tico (TEPT) Trastorno de Ansiedad Generalizada (TAG) Trastorno d\u00e9ficit de atenci\u00f3n con \/ sin hiperactividad (TDAH) Procesos de duelo, p\u00e9rdidas&#8230; Baja autoestima, inseguridad&#8230; Problemas [&hellip;]<\/p>\n","protected":false},"author":1,"featured_media":0,"parent":0,"menu_order":0,"comment_status":"closed","ping_status":"closed","template":"","meta":[],"_links":{"self":[{"href":"https:\/\/silviasumell.com\/es\/wp-json\/wp\/v2\/pages\/45"}],"collection":[{"href":"https:\/\/silviasumell.com\/es\/wp-json\/wp\/v2\/pages"}],"about":[{"href":"https:\/\/silviasumell.com\/es\/wp-json\/wp\/v2\/types\/page"}],"author":[{"embeddable":true,"href":"https:\/\/silviasumell.com\/es\/wp-json\/wp\/v2\/users\/1"}],"replies":[{"embeddable":true,"href":"https:\/\/silviasumell.com\/es\/wp-json\/wp\/v2\/comments?post=45"}],"version-history":[{"count":14,"href":"https:\/\/silviasumell.com\/es\/wp-json\/wp\/v2\/pages\/45\/revisions"}],"predecessor-version":[{"id":388,"href":"https:\/\/silviasumell.com\/es\/wp-json\/wp\/v2\/pages\/45\/revisions\/388"}],"wp:attachment":[{"href":"https:\/\/silviasumell.com\/es\/wp-json\/wp\/v2\/media?parent=45"}],"curies":[{"name":"wp","href":"https:\/\/api.w.org\/{rel}","templated":true}]}}