{"id":47,"date":"2016-10-05T16:36:45","date_gmt":"2016-10-05T16:36:45","guid":{"rendered":"http:\/\/s648918074.mialojamiento.es\/?page_id=47"},"modified":"2020-09-18T11:34:56","modified_gmt":"2020-09-18T11:34:56","slug":"infants-i-joves","status":"publish","type":"page","link":"https:\/\/silviasumell.com\/es\/infants-i-joves","title":{"rendered":"Ni\u00f1os y j\u00f3venes"},"content":{"rendered":"<p>&nbsp;<\/p>\n<p><img loading=\"lazy\" class=\"aligncenter wp-image-173 size-medium\" title=\"Psicologa Silvia Sumell www.silviasumell.com\" src=\"http:\/\/www.silviasumell.com\/wp-content\/uploads\/2016\/10\/Fotolia_64567883_XS-300x177.jpg\" alt=\"Psicologa Silvia Sumell www.silviasumell.com\" width=\"300\" height=\"177\" srcset=\"https:\/\/www.silviasumell.com\/wp-content\/uploads\/2016\/10\/Fotolia_64567883_XS-300x177.jpg 300w, https:\/\/www.silviasumell.com\/wp-content\/uploads\/2016\/10\/Fotolia_64567883_XS.jpg 450w\" sizes=\"(max-width: 300px) 100vw, 300px\" \/><\/p>\n<h2>\u00a0<strong>Evaluaci\u00f3n, diagn\u00f3stico y \u00a0tratamiento en: <\/strong><\/h2>\n<ul>\n<li style=\"list-style-type: none;\">\n<ul>\n<li>Problemas de conducta, de car\u00e1cter, baja tolerancia a la frustraci\u00f3n, dificultades para hacer caso, para seguir las normas&#8230;<\/li>\n<li>Miedos excesivos<\/li>\n<li>Timidez, pocas habilidades sociales&#8230;<\/li>\n<li>Baja autoestima, inseguridad&#8230;<\/li>\n<li>Man\u00edas, obsesiones, rituales&#8230;<\/li>\n<li>Trastorno d\u00e9ficit de atenci\u00f3n con \/ sin hiperactividad (TDAH)<\/li>\n<li>Ansiedad<\/li>\n<li>Problemas con los aprendizajes, bajo rendimiento acad\u00e9mico<\/li>\n<li>Duelos y p\u00e9rdidas<\/li>\n<li>Procesos de separaci\u00f3n y\/o divorcio de los padres<\/li>\n<li>Conflictos escolares, familiares, con amigos&#8230;<\/li>\n<\/ul>\n<\/li>\n<\/ul>\n<p>Cuando se trata de ni\u00f1os y\/o j\u00f3venes se llevar\u00e1 a cabo una primera visita s\u00f3lo con los padres donde se eval\u00faa extensamente el motivo de consulta, preocupaciones, modelos educativos, puntos fuertes de su hijo\/a y expectativas. Posteriormente se har\u00e1 una sesi\u00f3n muy parecida pero s\u00f3lo con el ni\u00f1o\/a o joven. Hacerlo por separado es preservar la intimidad de cada uno de los miembros dejando que cada uno se pueda expresar libremente. A partir de aqu\u00ed nos marcaremos objetivos de tratamiento teniendo en cuenta siempre las necesidades de cada uno para conseguir en bienestar emocional de ambas partes. Normalmente se ir\u00e1n alternando las sesiones individuales con otras con la familia. A la vez se trabajar\u00e1 de forma paralela y coordinada con la escuela, ya que muchas de las dificultades que aparecen repercuten en este \u00e1mbito.<\/p>\n<p>As\u00ed pues, el objetivo final es encontrar herramientas y estrategias que sirvan para afrontar mejor las dificultades que presenta el propio individuo, y que le afectan no s\u00f3lo a nivel familiar, sino tambi\u00e9n social y acad\u00e9mico.<\/p>\n<h2 style=\"text-align: justify;\"><\/h2>\n<p>&nbsp;<\/p>","protected":false},"excerpt":{"rendered":"<p>&nbsp; \u00a0Evaluaci\u00f3n, diagn\u00f3stico y \u00a0tratamiento en: Problemas de conducta, de car\u00e1cter, baja tolerancia a la frustraci\u00f3n, dificultades para hacer caso, para seguir las normas&#8230; Miedos excesivos Timidez, pocas habilidades sociales&#8230; Baja autoestima, inseguridad&#8230; Man\u00edas, obsesiones, rituales&#8230; Trastorno d\u00e9ficit de atenci\u00f3n con \/ sin hiperactividad (TDAH) Ansiedad Problemas con los aprendizajes, bajo rendimiento acad\u00e9mico Duelos y [&hellip;]<\/p>\n","protected":false},"author":1,"featured_media":0,"parent":0,"menu_order":0,"comment_status":"closed","ping_status":"closed","template":"","meta":[],"_links":{"self":[{"href":"https:\/\/silviasumell.com\/es\/wp-json\/wp\/v2\/pages\/47"}],"collection":[{"href":"https:\/\/silviasumell.com\/es\/wp-json\/wp\/v2\/pages"}],"about":[{"href":"https:\/\/silviasumell.com\/es\/wp-json\/wp\/v2\/types\/page"}],"author":[{"embeddable":true,"href":"https:\/\/silviasumell.com\/es\/wp-json\/wp\/v2\/users\/1"}],"replies":[{"embeddable":true,"href":"https:\/\/silviasumell.com\/es\/wp-json\/wp\/v2\/comments?post=47"}],"version-history":[{"count":18,"href":"https:\/\/silviasumell.com\/es\/wp-json\/wp\/v2\/pages\/47\/revisions"}],"predecessor-version":[{"id":387,"href":"https:\/\/silviasumell.com\/es\/wp-json\/wp\/v2\/pages\/47\/revisions\/387"}],"wp:attachment":[{"href":"https:\/\/silviasumell.com\/es\/wp-json\/wp\/v2\/media?parent=47"}],"curies":[{"name":"wp","href":"https:\/\/api.w.org\/{rel}","templated":true}]}}