{"id":49,"date":"2016-10-05T16:37:08","date_gmt":"2016-10-05T16:37:08","guid":{"rendered":"http:\/\/s648918074.mialojamiento.es\/?page_id=49"},"modified":"2017-11-30T15:46:28","modified_gmt":"2017-11-30T15:46:28","slug":"gent-gran","status":"publish","type":"page","link":"https:\/\/silviasumell.com\/es\/gent-gran","title":{"rendered":"Gente mayor"},"content":{"rendered":"<p><img loading=\"lazy\" class=\"aligncenter wp-image-169 size-medium\" title=\"Psicologa Silvia Sumell www.silviasumell.com\" src=\"http:\/\/www.silviasumell.com\/wp-content\/uploads\/2016\/10\/Fotolia_51027805_XS-300x237.jpg\" alt=\"Psicologa Silvia Sumell www.silviasumell.com\" width=\"300\" height=\"237\" srcset=\"https:\/\/www.silviasumell.com\/wp-content\/uploads\/2016\/10\/Fotolia_51027805_XS-300x237.jpg 300w, https:\/\/www.silviasumell.com\/wp-content\/uploads\/2016\/10\/Fotolia_51027805_XS.jpg 390w\" sizes=\"(max-width: 300px) 100vw, 300px\" \/><\/p>\n<h2><\/h2>\n<h2><strong>Evaluaciones neuropsicol\u00f3gicas, diagn\u00f3stico y tratamiento en estimulaci\u00f3n y rehabilitaci\u00f3n\u00a0cognitiva:<br \/>\n<\/strong><\/h2>\n<p>El hecho de colaborar durante a\u00f1os con el <strong><span style=\"color: #999999;\">Institut Neurol\u00f2gic de la Memoria (INM)<\/span><\/strong> junto con el neur\u00f3logo <strong><span style=\"color: #999999;\">Dr. Dom\u00e8nec Gil Saladi\u00e9<\/span> <\/strong>y mi formaci\u00f3n en este \u00e1mbito, nos brinda la oportunidad de poder ofrecer este servicio. A trav\u00e9s de una <strong>exploraci\u00f3n neuropsicol\u00f3gica<\/strong> (bater\u00eda de pruebas que nos sirve para evaluar las diferentes capacidades cognitivas, funcionales y emocionales) de la persona se establece una orientaci\u00f3n diagn\u00f3stica y se propone un plan de trabajo, si es necesario en formato de estimulaci\u00f3n y rehabilitaci\u00f3n cognitiva. Un tratamiento orientado b\u00e1sicamente a mantener y potenciar aquellas funciones mentales como la atenci\u00f3n, memoria, funciones ejecutivas, etc., que pueden verse alteradas no s\u00f3lo en procesos de demencias o deterioro cognitivo, sino tambi\u00e9n ante cuadros de estr\u00e9s, ansiedad o bajo estado de \u00e1nimo. A la vez se ofrece un apoyo psicol\u00f3gico as\u00ed como diferentes orientaciones a la familia y\/o cuidadores si es necesario. Las sesiones suelen ser de 45 min, individuales o en peque\u00f1os grupos, a la consulta o bien domicilio.<\/p>\n<p style=\"text-align: justify;\"><strong>\u00a0<\/strong><\/p>\n<p><\/p>","protected":false},"excerpt":{"rendered":"<p>Evaluaciones neuropsicol\u00f3gicas, diagn\u00f3stico y tratamiento en estimulaci\u00f3n y rehabilitaci\u00f3n\u00a0cognitiva: El hecho de colaborar durante a\u00f1os con el Institut Neurol\u00f2gic de la Memoria (INM) junto con el neur\u00f3logo Dr. Dom\u00e8nec Gil Saladi\u00e9 y mi formaci\u00f3n en este \u00e1mbito, nos brinda la oportunidad de poder ofrecer este servicio. A trav\u00e9s de una exploraci\u00f3n neuropsicol\u00f3gica (bater\u00eda de pruebas [&hellip;]<\/p>\n","protected":false},"author":1,"featured_media":0,"parent":0,"menu_order":0,"comment_status":"closed","ping_status":"closed","template":"","meta":[],"_links":{"self":[{"href":"https:\/\/silviasumell.com\/es\/wp-json\/wp\/v2\/pages\/49"}],"collection":[{"href":"https:\/\/silviasumell.com\/es\/wp-json\/wp\/v2\/pages"}],"about":[{"href":"https:\/\/silviasumell.com\/es\/wp-json\/wp\/v2\/types\/page"}],"author":[{"embeddable":true,"href":"https:\/\/silviasumell.com\/es\/wp-json\/wp\/v2\/users\/1"}],"replies":[{"embeddable":true,"href":"https:\/\/silviasumell.com\/es\/wp-json\/wp\/v2\/comments?post=49"}],"version-history":[{"count":11,"href":"https:\/\/silviasumell.com\/es\/wp-json\/wp\/v2\/pages\/49\/revisions"}],"predecessor-version":[{"id":244,"href":"https:\/\/silviasumell.com\/es\/wp-json\/wp\/v2\/pages\/49\/revisions\/244"}],"wp:attachment":[{"href":"https:\/\/silviasumell.com\/es\/wp-json\/wp\/v2\/media?parent=49"}],"curies":[{"name":"wp","href":"https:\/\/api.w.org\/{rel}","templated":true}]}}