{"id":7,"date":"2016-10-02T16:26:31","date_gmt":"2016-10-02T16:26:31","guid":{"rendered":"http:\/\/s648918074.mialojamiento.es\/?page_id=7"},"modified":"2017-11-30T15:54:31","modified_gmt":"2017-11-30T15:54:31","slug":"metodologia","status":"publish","type":"page","link":"https:\/\/silviasumell.com\/es\/metodologia","title":{"rendered":"Metodologia"},"content":{"rendered":"<p><img loading=\"lazy\" class=\"alignnone wp-image-178 size-medium\" title=\"Psicologa Silvia Sumell www.silviasumell.com\" src=\"http:\/\/www.silviasumell.com\/wp-content\/uploads\/2016\/10\/Psicologa-Silvia-Sumell-2-300x289.jpg\" alt=\"Psicologa Silvia Sumell www.silviasumell.com\" width=\"300\" height=\"289\" srcset=\"https:\/\/www.silviasumell.com\/wp-content\/uploads\/2016\/10\/Psicologa-Silvia-Sumell-2-300x289.jpg 300w, https:\/\/www.silviasumell.com\/wp-content\/uploads\/2016\/10\/Psicologa-Silvia-Sumell-2.jpg 353w\" sizes=\"(max-width: 300px) 100vw, 300px\" \/><\/p>\n<p>Los tratamientos se realizar\u00e1n desde una <span style=\"color: #999999;\"><strong><em>orientaci\u00f3n cognitivo-conductual<\/em><\/strong><\/span>. Este modelo de tratamiento psicol\u00f3gico tiene como objetivo principal identificar y modificar pensamientos negativos, de ah\u00ed el nombre de cognitivo y por otro lado, disminuir o eliminar comportamientos inadecuados y potenciar otros m\u00e1s adaptativos, de ah\u00ed el nombre de conductual. Es un tratamiento <strong><span style=\"color: #999999;\">estructurado<\/span><\/strong>, donde terapeuta y paciente nos marcaremos objetivos a trabajar. Nos centraremos en el <strong><span style=\"color: #999999;\">&#8220;aqu\u00ed y ahora&#8221;<\/span><\/strong>, focaliz\u00e1ndonos en los problemas actuales, analizando c\u00f3mo han surgido, como afectan a la vida diaria (ej. pareja, familia, amigos, trabajo&#8230;) y cu\u00e1les son los factores que hacen que se mantengan. No se trata s\u00f3lo de hablar conmigo o que yo te diga lo que tienes que hacer, sino que es una terapia donde <strong><span style=\"color: #999999;\">trabajaremos en equipo y totalmente pr\u00e1ctica<\/span><\/strong>, donde aprender\u00e1s herramientas y estrategias para que puedas hacer frente a tus problemas o dificultades. Eso s\u00ed, tendr\u00e1s que trabajar fuera de las sesiones, poniendo en pr\u00e1ctica todo lo aprendido para poder generalizar las ganancias.<\/p>\n<p>Tienes que saber que el tratamiento cognitivo conductual (TCC) es el que hasta ahora ha mostrado un mayor apoyo cient\u00edfico en cuanto a su eficacia en la mayor\u00eda de trastornos (ansiedad, depresi\u00f3n, trastorno obsesivo compulsivo, trastorno de d\u00e9ficit de atenci\u00f3n e hiperactividad, fobias, problemas alimentarios, psicosis, etc) y lo que se recomienda seguir en muchas de las gu\u00edas m\u00e9dicas m\u00e1s relevantes, como la National Institute for Health and Clinical Excellence (NICE <a href=\"http:\/\/www.nice.org.uk\">www.nice.org.uk<\/a>).<\/p>\n<p>A la vez es un <strong><span style=\"color: #999999;\">tratamiento breve y de duraci\u00f3n m\u00e1s o menos limitada<\/span><\/strong> aunque depender\u00e1 de cada caso. Al principio seguramente vengas 1 vez \/ semana o cada 15 d\u00edas y posteriormente se har\u00e1 un seguimiento mensual. Las sesiones suelen tener una duraci\u00f3n de entre 45-60 min.<\/p>\n<p>Durante las primeras visitas evaluaremos a fondo el <strong><span style=\"color: #999999;\">motivo de consulta<\/span><\/strong> y nos marcaremos objetivos de tratamiento. Intentaremos descubrir cu\u00e1les son las expectativas que tienes hacia el tratamiento psicol\u00f3gico y qu\u00e9 soluciones has intentado poner en pr\u00e1ctica para ver si han funcionado. Averiguar qu\u00e9 conciencia emocional tenemos de nosotros mismos es importante para reestablecer el autoconocimiento y la confianza en uno mismo. Posteriormente realizaremos sesiones de <strong><span style=\"color: #999999;\">psicoeducaci\u00f3n<\/span><\/strong>, pues b\u00e1sico que sepas antes de nada, <strong><span style=\"color: #999999;\">lo que te pasa, por qu\u00e9 pasa, qu\u00e9 consecuencias tiene<\/span><\/strong>, es decir, c\u00f3mo repercute a nivel f\u00edsico, social, familiar, laboral &#8230; Finalmente a trav\u00e9s de la construcci\u00f3n del <strong><span style=\"color: #999999;\">modelo o mapa <\/span><\/strong><span style=\"color: #000000;\">del qu\u00e9 te pasa<\/span> nos pondremos a trabajar.<\/p>\n<p>Recuerda que el objetivo final del tratamiento es que alcances una mejora a nivel global y por encima de todo que <strong><span style=\"color: #999999;\">ya no me necesites.<\/span><\/strong> Que vuelvas a sentir bien y que puedas hacer frente a los problemas y adversidades sin mi ayuda.<\/p>\n<p style=\"text-align: justify;\">\n<p><\/p>","protected":false},"excerpt":{"rendered":"<p>Los tratamientos se realizar\u00e1n desde una orientaci\u00f3n cognitivo-conductual. Este modelo de tratamiento psicol\u00f3gico tiene como objetivo principal identificar y modificar pensamientos negativos, de ah\u00ed el nombre de cognitivo y por otro lado, disminuir o eliminar comportamientos inadecuados y potenciar otros m\u00e1s adaptativos, de ah\u00ed el nombre de conductual. Es un tratamiento estructurado, donde terapeuta y [&hellip;]<\/p>\n","protected":false},"author":1,"featured_media":0,"parent":0,"menu_order":0,"comment_status":"closed","ping_status":"closed","template":"","meta":[],"_links":{"self":[{"href":"https:\/\/silviasumell.com\/es\/wp-json\/wp\/v2\/pages\/7"}],"collection":[{"href":"https:\/\/silviasumell.com\/es\/wp-json\/wp\/v2\/pages"}],"about":[{"href":"https:\/\/silviasumell.com\/es\/wp-json\/wp\/v2\/types\/page"}],"author":[{"embeddable":true,"href":"https:\/\/silviasumell.com\/es\/wp-json\/wp\/v2\/users\/1"}],"replies":[{"embeddable":true,"href":"https:\/\/silviasumell.com\/es\/wp-json\/wp\/v2\/comments?post=7"}],"version-history":[{"count":11,"href":"https:\/\/silviasumell.com\/es\/wp-json\/wp\/v2\/pages\/7\/revisions"}],"predecessor-version":[{"id":245,"href":"https:\/\/silviasumell.com\/es\/wp-json\/wp\/v2\/pages\/7\/revisions\/245"}],"wp:attachment":[{"href":"https:\/\/silviasumell.com\/es\/wp-json\/wp\/v2\/media?parent=7"}],"curies":[{"name":"wp","href":"https:\/\/api.w.org\/{rel}","templated":true}]}}